{"id":299,"date":"2025-06-29T19:51:08","date_gmt":"2025-06-29T17:51:08","guid":{"rendered":"https:\/\/churreriavilafranca.com\/aviso-legal\/"},"modified":"2025-07-01T12:06:41","modified_gmt":"2025-07-01T10:06:41","slug":"avis-legal","status":"publish","type":"page","link":"https:\/\/churreriavilafranca.com\/ca\/avis-legal\/","title":{"rendered":"Av\u00eds legal"},"content":{"rendered":"\t\t<div data-elementor-type=\"wp-page\" data-elementor-id=\"299\" class=\"elementor elementor-299 elementor-297\" data-elementor-post-type=\"page\">\n\t\t\t\t<div class=\"elementor-element elementor-element-eb08132 e-flex e-con-boxed e-con e-parent\" data-id=\"eb08132\" data-element_type=\"container\" data-settings=\"{&quot;background_background&quot;:&quot;classic&quot;}\">\n\t\t\t\t\t<div class=\"e-con-inner\">\n\t\t\t\t<div class=\"elementor-element elementor-element-f7df65e elementor-widget elementor-widget-heading\" data-id=\"f7df65e\" data-element_type=\"widget\" data-widget_type=\"heading.default\">\n\t\t\t\t<div class=\"elementor-widget-container\">\n\t\t\t\t\t<h1 class=\"elementor-heading-title elementor-size-default\">Av\u00eds legal<\/h1>\t\t\t\t<\/div>\n\t\t\t\t<\/div>\n\t\t\t\t\t<\/div>\n\t\t\t\t<\/div>\n\t\t<div class=\"elementor-element elementor-element-56795a1 e-flex e-con-boxed e-con e-parent\" data-id=\"56795a1\" data-element_type=\"container\">\n\t\t\t\t\t<div class=\"e-con-inner\">\n\t\t\t\t<div class=\"elementor-element elementor-element-335fa7e elementor-widget elementor-widget-text-editor\" data-id=\"335fa7e\" data-element_type=\"widget\" data-widget_type=\"text-editor.default\">\n\t\t\t\t<div class=\"elementor-widget-container\">\n\t\t\t\t\t\t\t\t\t<h4>https:\/\/churreriavilafranca.com\/<\/h4>\n<h3>I. INFORMACI\u00d3 GENERAL<\/h3>\n<p>En compliment amb el deure d\u2019informaci\u00f3 disposat a la Llei 34\/2002 de Serveis de la Societat de la Informaci\u00f3 i del Comer\u00e7 Electr\u00f2nic (LSSI-CE) d\u201911 de juliol, es faciliten a continuaci\u00f3 les seg\u00fcents dades d\u2019informaci\u00f3 general d\u2019aquest lloc web:<\/p>\n<p>La titularitat d\u2019aquest lloc web, https:\/\/churreriavilafranca.com\/, (d\u2019ara endavant, Lloc Web) l\u2019ostenta: Driss El Mneqqi, amb NIF: X7347898L, i les seves dades de contacte s\u00f3n:<\/p>\n<p>Adre\u00e7a: Sant Jaume 9 4 3 &#8211; 08720 Vilafranca del Pened\u00e8s<\/p>\n<p>Tel\u00e8fon de contacte: +34 644 69 74 88<\/p>\n<p>Correu electr\u00f2nic de contacte: hola@churreriavilafranca.com<\/p>\n<h3>II. TERMES I CONDICIONS GENERALS D\u2019\u00daS<\/h3>\n<h4>Objecte de les condicions: el Lloc Web<\/h4>\n<p>L\u2019objecte de les presents Condicions Generals d\u2019\u00das (d\u2019ara endavant, Condicions) \u00e9s regular l\u2019acc\u00e9s i la utilitzaci\u00f3 del Lloc Web. Als efectes de les presents Condicions s\u2019entendr\u00e0 com a Lloc Web: l\u2019aparen\u00e7a externa de les interf\u00edcies de pantalla, tant de forma est\u00e0tica com din\u00e0mica, \u00e9s a dir, l\u2019estructura de navegaci\u00f3; i tots els elements integrats tant en les interf\u00edcies com en l\u2019arbre de navegaci\u00f3 (d\u2019ara endavant, Continguts) i tots aquells serveis o recursos en l\u00ednia que, si escau, s\u2019ofereixin als Usuaris (d\u2019ara endavant, Serveis).<\/p>\n<p>Churrer\u00eda Xeffer es reserva el dret de modificar, en qualsevol moment i sense av\u00eds previ, la presentaci\u00f3 i configuraci\u00f3 del Lloc Web i dels Continguts i Serveis que s\u2019hi puguin incloure. L\u2019Usuari reconeix i accepta que en qualsevol moment Churrer\u00eda Xeffer pugui interrompre, desactivar i\/o cancel\u00b7lar qualsevol d\u2019aquests elements que s\u2019integren en el Lloc Web o l\u2019acc\u00e9s als mateixos.<\/p>\n<p>L\u2019acc\u00e9s al Lloc Web per part de l\u2019Usuari t\u00e9 car\u00e0cter lliure i, com a norma general, \u00e9s gratu\u00eft, sense que l\u2019Usuari hagi de proporcionar cap contraprestaci\u00f3 per poder gaudir-ne, excepte pel que fa al cost de connexi\u00f3 a trav\u00e9s de la xarxa de telecomunicacions subministrada pel prove\u00efdor d\u2019acc\u00e9s contractat per l\u2019Usuari.<\/p>\n<p>La utilitzaci\u00f3 dels Continguts no requereix cap subscripci\u00f3 ni registre previ.<\/p>\n<h4>L\u2019Usuari<\/h4>\n<p>L\u2019acc\u00e9s, la navegaci\u00f3 i l\u2019\u00fas del Lloc Web confereix la condici\u00f3 d\u2019Usuari, i implica l\u2019acceptaci\u00f3 de totes les Condicions aqu\u00ed establertes, aix\u00ed com les modificacions posteriors, sense perjudici de l\u2019aplicaci\u00f3 de la normativa legal corresponent segons el cas. Donada la import\u00e0ncia d\u2019aix\u00f2, es recomana a l\u2019Usuari llegir-les cada cop que visiti el Lloc Web.<\/p>\n<p>El Lloc Web de Churrer\u00eda Xeffer proporciona una gran varietat d\u2019informaci\u00f3, serveis i dades. L\u2019Usuari assumeix la responsabilitat d\u2019utilitzar correctament el Lloc Web. Aquesta responsabilitat s\u2019estendr\u00e0 a:<\/p>\n<ul>\n<li>Un \u00fas de la informaci\u00f3, Continguts i\/o Serveis i dades oferts per Churrer\u00eda Xeffer que no sigui contrari a les presents Condicions, la Llei, la moral o l\u2019ordre p\u00fablic, o que pugui danyar els drets de tercers o el bon funcionament del Lloc Web.<\/li>\n<li>La veracitat i legalitat de les informacions aportades per l\u2019Usuari en els formularis disposats per Churrer\u00eda Xeffer per a l\u2019acc\u00e9s a determinats Continguts o Serveis. En tot cas, l\u2019Usuari haur\u00e0 de notificar immediatament a Churrer\u00eda Xeffer qualsevol fet que permeti un \u00fas indegut de la informaci\u00f3 registrada, com ara robatori, p\u00e8rdua o acc\u00e9s no autoritzat a identificadors i\/o contrasenyes, per tal de procedir a la seva cancel\u00b7laci\u00f3 immediata.<\/li>\n<\/ul>\n<p>El mer acc\u00e9s a aquest Lloc Web no suposa cap tipus de relaci\u00f3 comercial entre Churrer\u00eda Xeffer i l\u2019Usuari.<\/p>\n<p>Amb respecte a la legislaci\u00f3 vigent, aquest Lloc Web es dirigeix a totes les persones, amb independ\u00e8ncia de la seva edat, que puguin accedir i\/o navegar per les p\u00e0gines del Lloc Web.<\/p>\n<h3>III. ACC\u00c9S I NAVEGACI\u00d3 AL LLOC WEB: EXCLUSI\u00d3 DE GARANTIES I RESPONSABILITAT<\/h3>\n<p>Churrer\u00eda Xeffer no garanteix la continu\u00eftat, disponibilitat ni utilitat del Lloc Web, ni dels seus Continguts o Serveis. Tot i que far\u00e0 tot el possible per garantir-ne el bon funcionament, no es responsabilitza ni garanteix que l\u2019acc\u00e9s sigui ininterromput o lliure d\u2019errors.<\/p>\n<p>Tampoc es responsabilitza ni garanteix que el contingut o el programari accessible des del Lloc Web estigui lliure d\u2019errors o pugui causar danys al sistema inform\u00e0tic (programari o maquinari) de l\u2019Usuari. En cap cas Churrer\u00eda Xeffer ser\u00e0 responsable de p\u00e8rdues, danys o perjudicis de qualsevol tipus derivats de l\u2019acc\u00e9s, navegaci\u00f3 i \u00fas del Lloc Web, incloent-hi, per\u00f2 no limitant-se, a danys als sistemes inform\u00e0tics o provocats per la introducci\u00f3 de virus.<\/p>\n<p>Tampoc es fa responsable dels danys que puguin ocasionar-se a l\u2019Usuari per un \u00fas inadequat del Lloc Web. En particular, no ser\u00e0 responsable per caigudes, interrupcions, abs\u00e8ncia o defectes en les telecomunicacions.<\/p>\n<h3>IV. POL\u00cdTICA D\u2019ENLLA\u00c7OS<\/h3>\n<p>L\u2019Usuari o tercer que realitzi un hipervincle des d\u2019una altra p\u00e0gina web cap al Lloc Web de Churrer\u00eda Xeffer ha de saber que:<\/p>\n<p>No es permet la reproducci\u00f3 \u2014total o parcial\u2014 de cap dels Continguts i\/o Serveis del Lloc Web sense autoritzaci\u00f3 expressa de Churrer\u00eda Xeffer.<\/p>\n<p>Tampoc no es permet fer cap manifestaci\u00f3 falsa, inexacta o incorrecta sobre el Lloc Web ni sobre els seus Continguts i\/o Serveis.<\/p>\n<p>Excepte pel hipervincle, el lloc web on s\u2019estableixi l\u2019enlla\u00e7 no podr\u00e0 contenir cap element d\u2019aquest Lloc Web protegit per la legislaci\u00f3 de propietat intel\u00b7lectual, excepte autoritzaci\u00f3 expressa de Churrer\u00eda Xeffer.<\/p>\n<p>L\u2019establiment de l\u2019hipervincle no implicar\u00e0 l\u2019exist\u00e8ncia de relacions entre Churrer\u00eda Xeffer i el titular del lloc web, ni l\u2019acceptaci\u00f3 ni aprovaci\u00f3 dels seus continguts, serveis i\/o activitats.<\/p>\n<h3>V. PROPIETAT INTEL\u00b7LECTUAL I INDUSTRIAL<\/h3>\n<p>Churrer\u00eda Xeffer, per si mateixa o com a cession\u00e0ria, \u00e9s titular de tots els drets de propietat intel\u00b7lectual i industrial del Lloc Web, aix\u00ed com dels elements continguts en aquest (a t\u00edtol enunciatiu i no limitatiu: imatges, so, \u00e0udio, v\u00eddeo, programari o textos, marques o logotips, combinacions de colors, estructura i disseny, selecci\u00f3 de materials, programes inform\u00e0tics necessaris per al funcionament, acc\u00e9s i \u00fas, etc.). Aquestes obres estaran protegides per la normativa espanyola i europea, aix\u00ed com pels tractats internacionals subscrits per Espanya.<\/p>\n<p>Tots els drets reservats. D\u2019acord amb la Llei de Propietat Intel\u00b7lectual, es prohibeix expressament la reproducci\u00f3, distribuci\u00f3 i comunicaci\u00f3 p\u00fablica, inclosa la modalitat de posada a disposici\u00f3, de la totalitat o part dels continguts d\u2019aquesta p\u00e0gina web amb finalitats comercials, en qualsevol suport i per qualsevol mitj\u00e0 t\u00e8cnic, sense l\u2019autoritzaci\u00f3 de Churrer\u00eda Xeffer.<\/p>\n<p>L\u2019Usuari es compromet a respectar els drets de propietat intel\u00b7lectual i industrial de Churrer\u00eda Xeffer. Podr\u00e0 visualitzar, imprimir, copiar i emmagatzemar els elements del Lloc Web, sempre que sigui per a \u00fas personal. L\u2019Usuari no podr\u00e0, per\u00f2, suprimir, alterar o manipular cap dispositiu de protecci\u00f3 o sistema de seguretat instal\u00b7lat al Lloc Web.<\/p>\n<p>Si l\u2019Usuari o un tercer considera que algun dels Continguts del Lloc Web suposa una violaci\u00f3 dels drets de propietat intel\u00b7lectual, haur\u00e0 de comunicar-ho immediatament a Churrer\u00eda Xeffer a trav\u00e9s de les dades de contacte de l\u2019apartat INFORMACI\u00d3 GENERAL d\u2019aquest Av\u00eds Legal i Condicions Generals d\u2019\u00das.<\/p>\n<h3>VI. ACCIONS LEGALS, LEGISLACI\u00d3 APLICABLE I JURISDICCI\u00d3<\/h3>\n<p>Churrer\u00eda Xeffer es reserva el dret a exercir les accions civils o penals que consideri oportunes per l\u2019\u00fas indegut del Lloc Web i Continguts, o pel incompliment d\u2019aquestes Condicions.<\/p>\n<p>La relaci\u00f3 entre l\u2019Usuari i Churrer\u00eda Xeffer es regir\u00e0 per la normativa vigent a Espanya. En cas de controv\u00e8rsia, les parts se sotmetran a la jurisdicci\u00f3 ordin\u00e0ria d\u2019acord amb la legislaci\u00f3 aplicable.<\/p>\n<p>Aquest document d\u2019Av\u00eds Legal i Condicions Generals d\u2019\u00das del lloc web ha estat creat el dia 01\/07\/2025.<\/p>\t\t\t\t\t\t\t\t<\/div>\n\t\t\t\t<\/div>\n\t\t\t\t\t<\/div>\n\t\t\t\t<\/div>\n\t\t\t\t<\/div>\n\t\t","protected":false},"excerpt":{"rendered":"<p>Av\u00eds legal https:\/\/churreriavilafranca.com\/ I. INFORMACI\u00d3 GENERAL En compliment amb el deure d\u2019informaci\u00f3 disposat a la Llei 34\/2002 de Serveis de la Societat de la Informaci\u00f3 i del Comer\u00e7 Electr\u00f2nic (LSSI-CE) d\u201911 de juliol, es faciliten a continuaci\u00f3 les seg\u00fcents dades d\u2019informaci\u00f3 general d\u2019aquest lloc web: La titularitat d\u2019aquest lloc web, https:\/\/churreriavilafranca.com\/, (d\u2019ara endavant, Lloc Web) [&hellip;]<\/p>\n","protected":false},"author":1,"featured_media":0,"parent":0,"menu_order":20,"comment_status":"closed","ping_status":"closed","template":"","meta":{"footnotes":""},"class_list":["post-299","page","type-page","status-publish","hentry"],"rankMath":{"parentDomain":"churreriavilafranca.com","noFollowDomains":[],"noFollowExcludeDomains":[],"noFollowExternalLinks":false,"featuredImageNotice":"The featured image should be at least 200 by 200 pixels to be picked up by Facebook and other social media sites.","pluginReviewed":false,"postSettings":{"linkSuggestions":true,"useFocusKeyword":false},"frontEndScore":false,"postName":"avis-legal","permalinkFormat":"https:\/\/churreriavilafranca.com\/ca\/%pagename%\/","showLockModifiedDate":true,"assessor":{"focusKeywordLink":"https:\/\/churreriavilafranca.com\/wp-admin\/edit.php?focus_keyword=%focus_keyword%&post_type=%post_type%","hasTOCPlugin":true,"primaryTaxonomy":false,"serpData":{"title":"","description":"","focusKeywords":"","pillarContent":false,"canonicalUrl":"","breadcrumbTitle":"","advancedRobots":[],"facebookTitle":"","facebookDescription":"","facebookImage":"","facebookImageID":"","facebookHasOverlay":false,"facebookImageOverlay":"","facebookAuthor":"","twitterCardType":"","twitterUseFacebook":true,"twitterTitle":"","twitterDescription":"","twitterImage":"","twitterImageID":"","twitterHasOverlay":false,"twitterImageOverlay":"","twitterPlayerUrl":"","twitterPlayerSize":"","twitterPlayerStream":"","twitterPlayerStreamCtype":"","twitterAppDescription":"","twitterAppIphoneName":"","twitterAppIphoneID":"","twitterAppIphoneUrl":"","twitterAppIpadName":"","twitterAppIpadID":"","twitterAppIpadUrl":"","twitterAppGoogleplayName":"","twitterAppGoogleplayID":"","twitterAppGoogleplayUrl":"","twitterAppCountry":"","robots":{"index":true},"twitterAuthor":"username","primaryTerm":0,"authorName":"pw_xeffxurr_us","titleTemplate":"%title% %sep% %sitename%","descriptionTemplate":"%excerpt%","showScoreFrontend":true,"lockModifiedDate":false},"powerWords":[],"diacritics":{"A":"[\\u0041\\u24B6\\uFF21\\u00C0\\u00C1\\u00C2\\u1EA6\\u1EA4\\u1EAA\\u1EA8\\u00C3\\u0100\\u0102\\u1EB0\\u1EAE\\u1EB4\\u1EB2\\u0226\\u01E0\\u00C4\\u01DE\\u1EA2\\u00C5\\u01FA\\u01CD\\u0200\\u0202\\u1EA0\\u1EAC\\u1EB6\\u1E00\\u0104\\u023A\\u2C6F]","AA":"[\\uA732]","AE":"[\\u00C6\\u01FC\\u01E2]","AO":"[\\uA734]","AU":"[\\uA736]","AV":"[\\uA738\\uA73A]","AY":"[\\uA73C]","B":"[\\u0042\\u24B7\\uFF22\\u1E02\\u1E04\\u1E06\\u0243\\u0182\\u0181]","C":"[\\u0043\\u24B8\\uFF23\\u0106\\u0108\\u010A\\u010C\\u00C7\\u1E08\\u0187\\u023B\\uA73E]","D":"[\\u0044\\u24B9\\uFF24\\u1E0A\\u010E\\u1E0C\\u1E10\\u1E12\\u1E0E\\u0110\\u018B\\u018A\\u0189\\uA779]","DZ":"[\\u01F1\\u01C4]","Dz":"[\\u01F2\\u01C5]","E":"[\\u0045\\u24BA\\uFF25\\u00C8\\u00C9\\u00CA\\u1EC0\\u1EBE\\u1EC4\\u1EC2\\u1EBC\\u0112\\u1E14\\u1E16\\u0114\\u0116\\u00CB\\u1EBA\\u011A\\u0204\\u0206\\u1EB8\\u1EC6\\u0228\\u1E1C\\u0118\\u1E18\\u1E1A\\u0190\\u018E]","F":"[\\u0046\\u24BB\\uFF26\\u1E1E\\u0191\\uA77B]","G":"[\\u0047\\u24BC\\uFF27\\u01F4\\u011C\\u1E20\\u011E\\u0120\\u01E6\\u0122\\u01E4\\u0193\\uA7A0\\uA77D\\uA77E]","H":"[\\u0048\\u24BD\\uFF28\\u0124\\u1E22\\u1E26\\u021E\\u1E24\\u1E28\\u1E2A\\u0126\\u2C67\\u2C75\\uA78D]","I":"[\\u0049\\u24BE\\uFF29\\u00CC\\u00CD\\u00CE\\u0128\\u012A\\u012C\\u0130\\u00CF\\u1E2E\\u1EC8\\u01CF\\u0208\\u020A\\u1ECA\\u012E\\u1E2C\\u0197]","J":"[\\u004A\\u24BF\\uFF2A\\u0134\\u0248]","K":"[\\u004B\\u24C0\\uFF2B\\u1E30\\u01E8\\u1E32\\u0136\\u1E34\\u0198\\u2C69\\uA740\\uA742\\uA744\\uA7A2]","L":"[\\u004C\\u24C1\\uFF2C\\u013F\\u0139\\u013D\\u1E36\\u1E38\\u013B\\u1E3C\\u1E3A\\u0141\\u023D\\u2C62\\u2C60\\uA748\\uA746\\uA780]","LJ":"[\\u01C7]","Lj":"[\\u01C8]","M":"[\\u004D\\u24C2\\uFF2D\\u1E3E\\u1E40\\u1E42\\u2C6E\\u019C]","N":"[\\u004E\\u24C3\\uFF2E\\u01F8\\u0143\\u00D1\\u1E44\\u0147\\u1E46\\u0145\\u1E4A\\u1E48\\u0220\\u019D\\uA790\\uA7A4]","NJ":"[\\u01CA]","Nj":"[\\u01CB]","O":"[\\u004F\\u24C4\\uFF2F\\u00D2\\u00D3\\u00D4\\u1ED2\\u1ED0\\u1ED6\\u1ED4\\u00D5\\u1E4C\\u022C\\u1E4E\\u014C\\u1E50\\u1E52\\u014E\\u022E\\u0230\\u00D6\\u022A\\u1ECE\\u0150\\u01D1\\u020C\\u020E\\u01A0\\u1EDC\\u1EDA\\u1EE0\\u1EDE\\u1EE2\\u1ECC\\u1ED8\\u01EA\\u01EC\\u00D8\\u01FE\\u0186\\u019F\\uA74A\\uA74C]","OI":"[\\u01A2]","OO":"[\\uA74E]","OU":"[\\u0222]","P":"[\\u0050\\u24C5\\uFF30\\u1E54\\u1E56\\u01A4\\u2C63\\uA750\\uA752\\uA754]","Q":"[\\u0051\\u24C6\\uFF31\\uA756\\uA758\\u024A]","R":"[\\u0052\\u24C7\\uFF32\\u0154\\u1E58\\u0158\\u0210\\u0212\\u1E5A\\u1E5C\\u0156\\u1E5E\\u024C\\u2C64\\uA75A\\uA7A6\\uA782]","S":"[\\u0053\\u24C8\\uFF33\\u1E9E\\u015A\\u1E64\\u015C\\u1E60\\u0160\\u1E66\\u1E62\\u1E68\\u0218\\u015E\\u2C7E\\uA7A8\\uA784]","T":"[\\u0054\\u24C9\\uFF34\\u1E6A\\u0164\\u1E6C\\u021A\\u0162\\u1E70\\u1E6E\\u0166\\u01AC\\u01AE\\u023E\\uA786]","TZ":"[\\uA728]","U":"[\\u0055\\u24CA\\uFF35\\u00D9\\u00DA\\u00DB\\u0168\\u1E78\\u016A\\u1E7A\\u016C\\u00DC\\u01DB\\u01D7\\u01D5\\u01D9\\u1EE6\\u016E\\u0170\\u01D3\\u0214\\u0216\\u01AF\\u1EEA\\u1EE8\\u1EEE\\u1EEC\\u1EF0\\u1EE4\\u1E72\\u0172\\u1E76\\u1E74\\u0244]","V":"[\\u0056\\u24CB\\uFF36\\u1E7C\\u1E7E\\u01B2\\uA75E\\u0245]","VY":"[\\uA760]","W":"[\\u0057\\u24CC\\uFF37\\u1E80\\u1E82\\u0174\\u1E86\\u1E84\\u1E88\\u2C72]","X":"[\\u0058\\u24CD\\uFF38\\u1E8A\\u1E8C]","Y":"[\\u0059\\u24CE\\uFF39\\u1EF2\\u00DD\\u0176\\u1EF8\\u0232\\u1E8E\\u0178\\u1EF6\\u1EF4\\u01B3\\u024E\\u1EFE]","Z":"[\\u005A\\u24CF\\uFF3A\\u0179\\u1E90\\u017B\\u017D\\u1E92\\u1E94\\u01B5\\u0224\\u2C7F\\u2C6B\\uA762]","a":"[\\u0061\\u24D0\\uFF41\\u1E9A\\u00E0\\u00E1\\u00E2\\u1EA7\\u1EA5\\u1EAB\\u1EA9\\u00E3\\u0101\\u0103\\u1EB1\\u1EAF\\u1EB5\\u1EB3\\u0227\\u01E1\\u00E4\\u01DF\\u1EA3\\u00E5\\u01FB\\u01CE\\u0201\\u0203\\u1EA1\\u1EAD\\u1EB7\\u1E01\\u0105\\u2C65\\u0250]","aa":"[\\uA733]","ae":"[\\u00E6\\u01FD\\u01E3]","ao":"[\\uA735]","au":"[\\uA737]","av":"[\\uA739\\uA73B]","ay":"[\\uA73D]","b":"[\\u0062\\u24D1\\uFF42\\u1E03\\u1E05\\u1E07\\u0180\\u0183\\u0253]","c":"[\\u0063\\u24D2\\uFF43\\u0107\\u0109\\u010B\\u010D\\u00E7\\u1E09\\u0188\\u023C\\uA73F\\u2184]","d":"[\\u0064\\u24D3\\uFF44\\u1E0B\\u010F\\u1E0D\\u1E11\\u1E13\\u1E0F\\u0111\\u018C\\u0256\\u0257\\uA77A]","dz":"[\\u01F3\\u01C6]","e":"[\\u0065\\u24D4\\uFF45\\u00E8\\u00E9\\u00EA\\u1EC1\\u1EBF\\u1EC5\\u1EC3\\u1EBD\\u0113\\u1E15\\u1E17\\u0115\\u0117\\u00EB\\u1EBB\\u011B\\u0205\\u0207\\u1EB9\\u1EC7\\u0229\\u1E1D\\u0119\\u1E19\\u1E1B\\u0247\\u025B\\u01DD]","f":"[\\u0066\\u24D5\\uFF46\\u1E1F\\u0192\\uA77C]","g":"[\\u0067\\u24D6\\uFF47\\u01F5\\u011D\\u1E21\\u011F\\u0121\\u01E7\\u0123\\u01E5\\u0260\\uA7A1\\u1D79\\uA77F]","h":"[\\u0068\\u24D7\\uFF48\\u0125\\u1E23\\u1E27\\u021F\\u1E25\\u1E29\\u1E2B\\u1E96\\u0127\\u2C68\\u2C76\\u0265]","hv":"[\\u0195]","i":"[\\u0069\\u24D8\\uFF49\\u00EC\\u00ED\\u00EE\\u0129\\u012B\\u012D\\u00EF\\u1E2F\\u1EC9\\u01D0\\u0209\\u020B\\u1ECB\\u012F\\u1E2D\\u0268\\u0131]","j":"[\\u006A\\u24D9\\uFF4A\\u0135\\u01F0\\u0249]","k":"[\\u006B\\u24DA\\uFF4B\\u1E31\\u01E9\\u1E33\\u0137\\u1E35\\u0199\\u2C6A\\uA741\\uA743\\uA745\\uA7A3]","l":"[\\u006C\\u24DB\\uFF4C\\u0140\\u013A\\u013E\\u1E37\\u1E39\\u013C\\u1E3D\\u1E3B\\u017F\\u0142\\u019A\\u026B\\u2C61\\uA749\\uA781\\uA747]","lj":"[\\u01C9]","m":"[\\u006D\\u24DC\\uFF4D\\u1E3F\\u1E41\\u1E43\\u0271\\u026F]","n":"[\\u006E\\u24DD\\uFF4E\\u01F9\\u0144\\u00F1\\u1E45\\u0148\\u1E47\\u0146\\u1E4B\\u1E49\\u019E\\u0272\\u0149\\uA791\\uA7A5]","nj":"[\\u01CC]","o":"[\\u006F\\u24DE\\uFF4F\\u00F2\\u00F3\\u00F4\\u1ED3\\u1ED1\\u1ED7\\u1ED5\\u00F5\\u1E4D\\u022D\\u1E4F\\u014D\\u1E51\\u1E53\\u014F\\u022F\\u0231\\u00F6\\u022B\\u1ECF\\u0151\\u01D2\\u020D\\u020F\\u01A1\\u1EDD\\u1EDB\\u1EE1\\u1EDF\\u1EE3\\u1ECD\\u1ED9\\u01EB\\u01ED\\u00F8\\u01FF\\u0254\\uA74B\\uA74D\\u0275]","oi":"[\\u01A3]","ou":"[\\u0223]","oo":"[\\uA74F]","p":"[\\u0070\\u24DF\\uFF50\\u1E55\\u1E57\\u01A5\\u1D7D\\uA751\\uA753\\uA755]","q":"[\\u0071\\u24E0\\uFF51\\u024B\\uA757\\uA759]","r":"[\\u0072\\u24E1\\uFF52\\u0155\\u1E59\\u0159\\u0211\\u0213\\u1E5B\\u1E5D\\u0157\\u1E5F\\u024D\\u027D\\uA75B\\uA7A7\\uA783]","s":"[\\u0073\\u24E2\\uFF53\\u015B\\u1E65\\u015D\\u1E61\\u0161\\u1E67\\u1E63\\u1E69\\u0219\\u015F\\u023F\\uA7A9\\uA785\\u1E9B]","ss":"[\\u00DF]","t":"[\\u0074\\u24E3\\uFF54\\u1E6B\\u1E97\\u0165\\u1E6D\\u021B\\u0163\\u1E71\\u1E6F\\u0167\\u01AD\\u0288\\u2C66\\uA787]","tz":"[\\uA729]","u":"[\\u0075\\u24E4\\uFF55\\u00F9\\u00FA\\u00FB\\u0169\\u1E79\\u016B\\u1E7B\\u016D\\u00FC\\u01DC\\u01D8\\u01D6\\u01DA\\u1EE7\\u016F\\u0171\\u01D4\\u0215\\u0217\\u01B0\\u1EEB\\u1EE9\\u1EEF\\u1EED\\u1EF1\\u1EE5\\u1E73\\u0173\\u1E77\\u1E75\\u0289]","v":"[\\u0076\\u24E5\\uFF56\\u1E7D\\u1E7F\\u028B\\uA75F\\u028C]","vy":"[\\uA761]","w":"[\\u0077\\u24E6\\uFF57\\u1E81\\u1E83\\u0175\\u1E87\\u1E85\\u1E98\\u1E89\\u2C73]","x":"[\\u0078\\u24E7\\uFF58\\u1E8B\\u1E8D]","y":"[\\u0079\\u24E8\\uFF59\\u1EF3\\u00FD\\u0177\\u1EF9\\u0233\\u1E8F\\u00FF\\u1EF7\\u1E99\\u1EF5\\u01B4\\u024F\\u1EFF]","z":"[\\u007A\\u24E9\\uFF5A\\u017A\\u1E91\\u017C\\u017E\\u1E93\\u1E95\\u01B6\\u0225\\u0240\\u2C6C\\uA763]"},"researchesTests":["contentHasTOC","contentHasShortParagraphs","contentHasAssets","keywordInTitle","keywordInMetaDescription","keywordInPermalink","keywordIn10Percent","keywordInContent","keywordInSubheadings","keywordInImageAlt","keywordDensity","keywordNotUsed","lengthContent","lengthPermalink","linksHasInternal","linksHasExternals","linksNotAllExternals","titleStartWithKeyword","titleSentiment","titleHasPowerWords","titleHasNumber","hasContentAI"],"hasRedirection":false,"hasBreadcrumb":false},"homeUrl":"https:\/\/churreriavilafranca.com\/ca\/","objectID":299,"objectType":"post","locale":"ca","localeFull":"ca","overlayImages":{"play":{"name":"Play icon","url":"https:\/\/churreriavilafranca.com\/wp-content\/plugins\/seo-by-rank-math\/assets\/admin\/img\/icon-play.png","path":"\/var\/www\/vhosts\/churreriavilafranca.com\/httpdocs\/wp-content\/plugins\/seo-by-rank-math\/assets\/admin\/img\/icon-play.png","position":"middle_center"},"gif":{"name":"GIF icon","url":"https:\/\/churreriavilafranca.com\/wp-content\/plugins\/seo-by-rank-math\/assets\/admin\/img\/icon-gif.png","path":"\/var\/www\/vhosts\/churreriavilafranca.com\/httpdocs\/wp-content\/plugins\/seo-by-rank-math\/assets\/admin\/img\/icon-gif.png","position":"middle_center"}},"defautOgImage":"https:\/\/churreriavilafranca.com\/wp-content\/plugins\/seo-by-rank-math\/assets\/admin\/img\/social-placeholder.jpg","customPermalinks":true,"isUserRegistered":true,"autoSuggestKeywords":true,"connectSiteUrl":"https:\/\/rankmath.com\/auth?site=https%3A%2F%2Fchurreriavilafranca.com%2Fca%2F&r=https%3A%2F%2Fchurreriavilafranca.com%2Fca%2Fwp-json%2Fwp%2Fv2%2Fpages%2F299%3Fnonce%3Da358c926b6&pro=1","maxTags":100,"trendsIcon":"<svg viewBox=\"0 0 610 610\"><path d=\"M18.85,446,174.32,290.48l58.08,58.08L76.93,504a14.54,14.54,0,0,1-20.55,0L18.83,466.48a14.54,14.54,0,0,1,0-20.55Z\" style=\"fill:#4285f4\"\/><path d=\"M242.65,242.66,377.59,377.6l-47.75,47.75a14.54,14.54,0,0,1-20.55,0L174.37,290.43l47.75-47.75A14.52,14.52,0,0,1,242.65,242.66Z\" style=\"fill:#ea4335\"\/><polygon points=\"319.53 319.53 479.26 159.8 537.34 217.88 377.61 377.62 319.53 319.53\" style=\"fill:#fabb05\"\/><path d=\"M594.26,262.73V118.61h0a16.94,16.94,0,0,0-16.94-16.94H433.2a16.94,16.94,0,0,0-12,28.92L565.34,274.71h0a16.94,16.94,0,0,0,28.92-12Z\" style=\"fill:#34a853\"\/><rect width=\"610\" height=\"610\" style=\"fill:none\"\/><\/svg>","showScore":true,"siteFavIcon":"https:\/\/churreriavilafranca.com\/wp-content\/uploads\/2025\/06\/favicon-150x150.png","canUser":{"general":false,"advanced":false,"snippet":false,"social":false,"analysis":false,"analytics":false,"content_ai":false},"showKeywordIntent":true,"isPro":true,"is_front_page":false,"trendsUpgradeLink":"https:\/\/rankmath.com\/pricing\/?utm_source=Plugin&utm_medium=CE%20General%20Tab%20Trends&utm_campaign=WP","trendsUpgradeLabel":"Upgrade","trendsPreviewImage":"https:\/\/churreriavilafranca.com\/wp-content\/plugins\/seo-by-rank-math\/assets\/admin\/img\/trends-preview.jpg","currentEditor":false,"homepageData":{"assessor":{"powerWords":[],"diacritics":true,"researchesTests":["contentHasTOC","contentHasShortParagraphs","contentHasAssets","keywordInTitle","keywordInMetaDescription","keywordInPermalink","keywordIn10Percent","keywordInContent","keywordInSubheadings","keywordInImageAlt","keywordDensity","keywordNotUsed","lengthContent","lengthPermalink","linksHasInternal","linksHasExternals","linksNotAllExternals","titleStartWithKeyword","titleSentiment","titleHasPowerWords","titleHasNumber","hasContentAI"],"hasBreadcrumb":false,"serpData":{"title":"%sitename% %page% %sep% %sitedesc%","description":"","titleTemplate":"%sitename% %page% %sep% %sitedesc%","descriptionTemplate":"","focusKeywords":"","breadcrumbTitle":false,"robots":{"index":true},"advancedRobots":[],"facebookTitle":"","facebookDescription":"","facebookImage":"","facebookImageID":""}}},"searchIntents":[],"isAnalyticsConnected":true,"tocTitle":false,"tocExcludeHeadings":[],"listStyle":"ul"},"_links":{"self":[{"href":"https:\/\/churreriavilafranca.com\/ca\/wp-json\/wp\/v2\/pages\/299","targetHints":{"allow":["GET"]}}],"collection":[{"href":"https:\/\/churreriavilafranca.com\/ca\/wp-json\/wp\/v2\/pages"}],"about":[{"href":"https:\/\/churreriavilafranca.com\/ca\/wp-json\/wp\/v2\/types\/page"}],"author":[{"embeddable":true,"href":"https:\/\/churreriavilafranca.com\/ca\/wp-json\/wp\/v2\/users\/1"}],"replies":[{"embeddable":true,"href":"https:\/\/churreriavilafranca.com\/ca\/wp-json\/wp\/v2\/comments?post=299"}],"version-history":[{"count":14,"href":"https:\/\/churreriavilafranca.com\/ca\/wp-json\/wp\/v2\/pages\/299\/revisions"}],"predecessor-version":[{"id":781,"href":"https:\/\/churreriavilafranca.com\/ca\/wp-json\/wp\/v2\/pages\/299\/revisions\/781"}],"wp:attachment":[{"href":"https:\/\/churreriavilafranca.com\/ca\/wp-json\/wp\/v2\/media?parent=299"}],"curies":[{"name":"wp","href":"https:\/\/api.w.org\/{rel}","templated":true}]}}